{"id":3185,"date":"2025-03-20T19:27:33","date_gmt":"2025-03-20T19:27:33","guid":{"rendered":"https:\/\/cooperbabycafe.org\/?page_id=3185"},"modified":"2025-03-21T13:31:05","modified_gmt":"2025-03-21T13:31:05","slug":"lori","status":"publish","type":"page","link":"https:\/\/cooperbabycafe.org\/es\/lori\/","title":{"rendered":"Lori Feldman-Winter"},"content":{"rendered":"<div data-elementor-type=\"wp-page\" data-elementor-id=\"3185\" class=\"elementor elementor-3185\" data-elementor-settings=\"{&quot;ha_cmc_init_switcher&quot;:&quot;no&quot;}\" data-elementor-post-type=\"page\">\n\t\t\t\t<div class=\"elementor-element elementor-element-6956a8f e-flex e-con-boxed e-con e-parent\" data-id=\"6956a8f\" data-element_type=\"container\" data-e-type=\"container\" data-settings=\"{&quot;_ha_eqh_enable&quot;:false}\">\n\t\t\t\t\t<div class=\"e-con-inner\">\n\t\t\t\t<div class=\"elementor-element elementor-element-da0bd3d elementor-widget-divider--separator-type-pattern elementor-widget-divider--view-line exad-sticky-section-no exad-glass-effect-no elementor-widget elementor-widget-divider\" data-id=\"da0bd3d\" data-element_type=\"widget\" data-e-type=\"widget\" data-widget_type=\"divider.default\">\n\t\t\t\t<div class=\"elementor-widget-container\">\n\t\t\t\t\t\t\t<div class=\"elementor-divider\" style=\"--divider-pattern-url: url(&quot;data:image\/svg+xml,%3Csvg xmlns=&#039;http:\/\/www.w3.org\/2000\/svg&#039; preserveAspectRatio=&#039;none&#039; overflow=&#039;visible&#039; height=&#039;100%&#039; viewBox=&#039;0 0 24 24&#039; fill=&#039;none&#039; stroke=&#039;black&#039; stroke-width=&#039;1.4&#039; stroke-linecap=&#039;square&#039; stroke-miterlimit=&#039;10&#039;%3E%3Cpath d=&#039;M0,6c6,0,6,13,12,13S18,6,24,6&#039;\/%3E%3C\/svg%3E&quot;);\">\n\t\t\t<span class=\"elementor-divider-separator\">\n\t\t\t\t\t\t<\/span>\n\t\t<\/div>\n\t\t\t\t\t\t<\/div>\n\t\t\t\t<\/div>\n\t\t\t\t\t<\/div>\n\t\t\t\t<\/div>\n\t\t<div class=\"elementor-element elementor-element-60b7356 e-flex e-con-boxed e-con e-parent\" data-id=\"60b7356\" data-element_type=\"container\" data-e-type=\"container\" data-settings=\"{&quot;_ha_eqh_enable&quot;:false}\">\n\t\t\t\t\t<div class=\"e-con-inner\">\n\t\t<div class=\"elementor-element elementor-element-4285eff e-con-full e-flex e-con e-child\" data-id=\"4285eff\" data-element_type=\"container\" data-e-type=\"container\" data-settings=\"{&quot;_ha_eqh_enable&quot;:false}\">\n\t\t\t\t<div class=\"elementor-element elementor-element-13ddc40 exad-sticky-section-no exad-glass-effect-no elementor-widget elementor-widget-image\" data-id=\"13ddc40\" data-element_type=\"widget\" data-e-type=\"widget\" data-widget_type=\"image.default\">\n\t\t\t\t<div class=\"elementor-widget-container\">\n\t\t\t\t\t\t\t\t\t\t\t\t\t\t\t<img fetchpriority=\"high\" decoding=\"async\" width=\"640\" height=\"640\" src=\"https:\/\/cooperbabycafe.org\/wp-content\/uploads\/2025\/03\/Lori-copia2.jpg\" class=\"attachment-large size-large wp-image-2713\" alt=\"\" srcset=\"https:\/\/cooperbabycafe.org\/wp-content\/uploads\/2025\/03\/Lori-copia2.jpg 775w, https:\/\/cooperbabycafe.org\/wp-content\/uploads\/2025\/03\/Lori-copia2-300x300.jpg 300w, https:\/\/cooperbabycafe.org\/wp-content\/uploads\/2025\/03\/Lori-copia2-150x150.jpg 150w, https:\/\/cooperbabycafe.org\/wp-content\/uploads\/2025\/03\/Lori-copia2-768x768.jpg 768w, https:\/\/cooperbabycafe.org\/wp-content\/uploads\/2025\/03\/Lori-copia2-12x12.jpg 12w, https:\/\/cooperbabycafe.org\/wp-content\/uploads\/2025\/03\/Lori-copia2-70x70.jpg 70w, https:\/\/cooperbabycafe.org\/wp-content\/uploads\/2025\/03\/Lori-copia2-270x270.jpg 270w, https:\/\/cooperbabycafe.org\/wp-content\/uploads\/2025\/03\/Lori-copia2-570x570.jpg 570w, https:\/\/cooperbabycafe.org\/wp-content\/uploads\/2025\/03\/Lori-copia2-100x100.jpg 100w, https:\/\/cooperbabycafe.org\/wp-content\/uploads\/2025\/03\/Lori-copia2-460x460.jpg 460w\" sizes=\"(max-width: 640px) 100vw, 640px\" \/>\t\t\t\t\t\t\t\t\t\t\t\t\t\t\t<\/div>\n\t\t\t\t<\/div>\n\t\t\t\t<\/div>\n\t\t<div class=\"elementor-element elementor-element-f24fbf1 e-con-full e-flex e-con e-child\" data-id=\"f24fbf1\" data-element_type=\"container\" data-e-type=\"container\" data-settings=\"{&quot;_ha_eqh_enable&quot;:false}\">\n\t\t\t\t<div class=\"elementor-element elementor-element-1ab588e exad-sticky-section-no exad-glass-effect-no elementor-widget elementor-widget-text-editor\" data-id=\"1ab588e\" data-element_type=\"widget\" data-e-type=\"widget\" data-widget_type=\"text-editor.default\">\n\t\t\t\t<div class=\"elementor-widget-container\">\n\t\t\t\t\t\t\t\t\tLori Feldman-Winter, MD, MPH, is a Professor of Pediatrics at Cooper Medical School of Rowan University and a member of the Department of Pediatrics at the Children\u2019s Regional Hospital at Cooper University Healthcare. She is a recognized expert in breastfeeding, a researcher, former chair of the Section on Breastfeeding for the American Academy of Pediatrics, and a current Board member of the International Academy of Breastfeeding Medicine.\n\n<br> <br>La Dra. Feldman-Winter tambi\u00e9n es cofundadora del Cooper Camden Baby Caf\u00e9. En su tiempo libre, disfruta de las vacaciones en familia, el esqu\u00ed, el senderismo y escapar a su segunda casa en los Berkshires.\t\t\t\t\t\t\t\t<\/div>\n\t\t\t\t<\/div>\n\t\t\t\t<\/div>\n\t\t\t\t\t<\/div>\n\t\t\t\t<\/div>\n\t\t\t\t<\/div>","protected":false},"excerpt":{"rendered":"<p>Lori Feldman-Winter, MD, MPH, is a Professor of Pediatrics at Cooper Medical School of Rowan University and a member of the Department of Pediatrics at the Children\u2019s Regional Hospital at Cooper University Healthcare. She is a recognized expert in breastfeeding, a researcher, former chair of the Section on Breastfeeding for the American Academy of Pediatrics, [&hellip;]<\/p>","protected":false},"author":1,"featured_media":0,"parent":0,"menu_order":0,"comment_status":"closed","ping_status":"closed","template":"elementor_header_footer","meta":{"footnotes":""},"class_list":["post-3185","page","type-page","status-publish","hentry"],"_links":{"self":[{"href":"https:\/\/cooperbabycafe.org\/es\/wp-json\/wp\/v2\/pages\/3185","targetHints":{"allow":["GET"]}}],"collection":[{"href":"https:\/\/cooperbabycafe.org\/es\/wp-json\/wp\/v2\/pages"}],"about":[{"href":"https:\/\/cooperbabycafe.org\/es\/wp-json\/wp\/v2\/types\/page"}],"author":[{"embeddable":true,"href":"https:\/\/cooperbabycafe.org\/es\/wp-json\/wp\/v2\/users\/1"}],"replies":[{"embeddable":true,"href":"https:\/\/cooperbabycafe.org\/es\/wp-json\/wp\/v2\/comments?post=3185"}],"version-history":[{"count":44,"href":"https:\/\/cooperbabycafe.org\/es\/wp-json\/wp\/v2\/pages\/3185\/revisions"}],"predecessor-version":[{"id":3360,"href":"https:\/\/cooperbabycafe.org\/es\/wp-json\/wp\/v2\/pages\/3185\/revisions\/3360"}],"wp:attachment":[{"href":"https:\/\/cooperbabycafe.org\/es\/wp-json\/wp\/v2\/media?parent=3185"}],"curies":[{"name":"wp","href":"https:\/\/api.w.org\/{rel}","templated":true}]}}