{"id":3174,"date":"2025-03-20T19:18:26","date_gmt":"2025-03-20T19:18:26","guid":{"rendered":"https:\/\/cooperbabycafe.org\/?page_id=3174"},"modified":"2025-03-21T12:58:42","modified_gmt":"2025-03-21T12:58:42","slug":"sindy","status":"publish","type":"page","link":"https:\/\/cooperbabycafe.org\/es\/sindy\/","title":{"rendered":"Sindy Ferreira"},"content":{"rendered":"<div data-elementor-type=\"wp-page\" data-elementor-id=\"3174\" class=\"elementor elementor-3174\" data-elementor-settings=\"{&quot;ha_cmc_init_switcher&quot;:&quot;no&quot;}\" data-elementor-post-type=\"page\">\n\t\t\t\t<div class=\"elementor-element elementor-element-6956a8f e-flex e-con-boxed e-con e-parent\" data-id=\"6956a8f\" data-element_type=\"container\" data-e-type=\"container\" data-settings=\"{&quot;_ha_eqh_enable&quot;:false}\">\n\t\t\t\t\t<div class=\"e-con-inner\">\n\t\t\t\t<div class=\"elementor-element elementor-element-da0bd3d elementor-widget-divider--separator-type-pattern elementor-widget-divider--view-line exad-sticky-section-no exad-glass-effect-no elementor-widget elementor-widget-divider\" data-id=\"da0bd3d\" data-element_type=\"widget\" data-e-type=\"widget\" data-widget_type=\"divider.default\">\n\t\t\t\t<div class=\"elementor-widget-container\">\n\t\t\t\t\t\t\t<div class=\"elementor-divider\" style=\"--divider-pattern-url: url(&quot;data:image\/svg+xml,%3Csvg xmlns=&#039;http:\/\/www.w3.org\/2000\/svg&#039; preserveAspectRatio=&#039;none&#039; overflow=&#039;visible&#039; height=&#039;100%&#039; viewBox=&#039;0 0 24 24&#039; fill=&#039;none&#039; stroke=&#039;black&#039; stroke-width=&#039;1.4&#039; stroke-linecap=&#039;square&#039; stroke-miterlimit=&#039;10&#039;%3E%3Cpath d=&#039;M0,21c3.3,0,8.3-0.9,15.7-7.1c6.6-5.4,4.4-9.3,2.4-10.3c-3.4-1.8-7.7,1.3-7.3,8.8C11.2,20,17.1,21,24,21&#039;\/%3E%3C\/svg%3E&quot;);\">\n\t\t\t<span class=\"elementor-divider-separator\">\n\t\t\t\t\t\t<\/span>\n\t\t<\/div>\n\t\t\t\t\t\t<\/div>\n\t\t\t\t<\/div>\n\t\t\t\t\t<\/div>\n\t\t\t\t<\/div>\n\t\t<div class=\"elementor-element elementor-element-60b7356 e-flex e-con-boxed e-con e-parent\" data-id=\"60b7356\" data-element_type=\"container\" data-e-type=\"container\" data-settings=\"{&quot;_ha_eqh_enable&quot;:false}\">\n\t\t\t\t\t<div class=\"e-con-inner\">\n\t\t<div class=\"elementor-element elementor-element-4285eff e-con-full e-flex e-con e-child\" data-id=\"4285eff\" data-element_type=\"container\" data-e-type=\"container\" data-settings=\"{&quot;_ha_eqh_enable&quot;:false}\">\n\t\t\t\t<div class=\"elementor-element elementor-element-13ddc40 exad-sticky-section-no exad-glass-effect-no elementor-widget elementor-widget-image\" data-id=\"13ddc40\" data-element_type=\"widget\" data-e-type=\"widget\" data-widget_type=\"image.default\">\n\t\t\t\t<div class=\"elementor-widget-container\">\n\t\t\t\t\t\t\t\t\t\t\t\t\t\t\t<img fetchpriority=\"high\" decoding=\"async\" width=\"640\" height=\"640\" src=\"https:\/\/cooperbabycafe.org\/wp-content\/uploads\/2025\/03\/Sindy-2.jpg\" class=\"attachment-large size-large wp-image-2710\" alt=\"\" srcset=\"https:\/\/cooperbabycafe.org\/wp-content\/uploads\/2025\/03\/Sindy-2.jpg 775w, https:\/\/cooperbabycafe.org\/wp-content\/uploads\/2025\/03\/Sindy-2-300x300.jpg 300w, https:\/\/cooperbabycafe.org\/wp-content\/uploads\/2025\/03\/Sindy-2-150x150.jpg 150w, https:\/\/cooperbabycafe.org\/wp-content\/uploads\/2025\/03\/Sindy-2-768x768.jpg 768w, https:\/\/cooperbabycafe.org\/wp-content\/uploads\/2025\/03\/Sindy-2-12x12.jpg 12w, https:\/\/cooperbabycafe.org\/wp-content\/uploads\/2025\/03\/Sindy-2-70x70.jpg 70w, https:\/\/cooperbabycafe.org\/wp-content\/uploads\/2025\/03\/Sindy-2-270x270.jpg 270w, https:\/\/cooperbabycafe.org\/wp-content\/uploads\/2025\/03\/Sindy-2-570x570.jpg 570w, https:\/\/cooperbabycafe.org\/wp-content\/uploads\/2025\/03\/Sindy-2-100x100.jpg 100w, https:\/\/cooperbabycafe.org\/wp-content\/uploads\/2025\/03\/Sindy-2-460x460.jpg 460w\" sizes=\"(max-width: 640px) 100vw, 640px\" \/>\t\t\t\t\t\t\t\t\t\t\t\t\t\t\t<\/div>\n\t\t\t\t<\/div>\n\t\t\t\t<\/div>\n\t\t<div class=\"elementor-element elementor-element-f24fbf1 e-con-full e-flex e-con e-child\" data-id=\"f24fbf1\" data-element_type=\"container\" data-e-type=\"container\" data-settings=\"{&quot;_ha_eqh_enable&quot;:false}\">\n\t\t\t\t<div class=\"elementor-element elementor-element-9ac7681 exad-sticky-section-no exad-glass-effect-no elementor-widget elementor-widget-text-editor\" data-id=\"9ac7681\" data-element_type=\"widget\" data-e-type=\"widget\" data-widget_type=\"text-editor.default\">\n\t\t\t\t<div class=\"elementor-widget-container\">\n\t\t\t\t\t\t\t\t\t<p>Sindy Ferreira, MPH, IBCLC, es nutricionista de salud p\u00fablica y consultora internacional de lactancia certificada por la junta, con experiencia en un entorno hospitalario. Tiene formaci\u00f3n adicional en Nutrici\u00f3n y Vida Saludable de la Universidad de Cornell. Sindy es cofundadora del Cooper Camden Baby Caf\u00e9 y forma parte de la Junta Directiva de la Coalici\u00f3n de Lactancia de Nueva Jersey. Est\u00e1 comprometida con la mejora de los resultados de la lactancia materna en comunidades desatendidas.<\/p><p>Sindy es madre de dos ni\u00f1os. En su tiempo libre, disfruta dormir, cocinar, explorar nuevas cafeter\u00edas, pasar tiempo con su familia y cuidar a sus dos perros Shar-Pei.<\/p>\t\t\t\t\t\t\t\t<\/div>\n\t\t\t\t<\/div>\n\t\t\t\t<\/div>\n\t\t\t\t\t<\/div>\n\t\t\t\t<\/div>\n\t\t\t\t<\/div>","protected":false},"excerpt":{"rendered":"<p>Sindy Ferreira, MPH, IBCLC, is a Public Health Nutritionist and a bilingual International Board-Certified Lactation Consultant practicing in a hospital setting. She has additional training in Nutrition and Healthy Living from Cornell University. Sindy is the co-founder of the Cooper Camden Baby Caf\u00e9 and serves on the Board of Trustees for the New Jersey Breastfeeding [&hellip;]<\/p>","protected":false},"author":1,"featured_media":0,"parent":0,"menu_order":0,"comment_status":"closed","ping_status":"closed","template":"elementor_header_footer","meta":{"footnotes":""},"class_list":["post-3174","page","type-page","status-publish","hentry"],"_links":{"self":[{"href":"https:\/\/cooperbabycafe.org\/es\/wp-json\/wp\/v2\/pages\/3174","targetHints":{"allow":["GET"]}}],"collection":[{"href":"https:\/\/cooperbabycafe.org\/es\/wp-json\/wp\/v2\/pages"}],"about":[{"href":"https:\/\/cooperbabycafe.org\/es\/wp-json\/wp\/v2\/types\/page"}],"author":[{"embeddable":true,"href":"https:\/\/cooperbabycafe.org\/es\/wp-json\/wp\/v2\/users\/1"}],"replies":[{"embeddable":true,"href":"https:\/\/cooperbabycafe.org\/es\/wp-json\/wp\/v2\/comments?post=3174"}],"version-history":[{"count":17,"href":"https:\/\/cooperbabycafe.org\/es\/wp-json\/wp\/v2\/pages\/3174\/revisions"}],"predecessor-version":[{"id":3330,"href":"https:\/\/cooperbabycafe.org\/es\/wp-json\/wp\/v2\/pages\/3174\/revisions\/3330"}],"wp:attachment":[{"href":"https:\/\/cooperbabycafe.org\/es\/wp-json\/wp\/v2\/media?parent=3174"}],"curies":[{"name":"wp","href":"https:\/\/api.w.org\/{rel}","templated":true}]}}