{"id":2945,"date":"2025-03-18T22:49:55","date_gmt":"2025-03-18T22:49:55","guid":{"rendered":"https:\/\/cooperbabycafe.org\/?page_id=2945"},"modified":"2025-03-20T18:17:35","modified_gmt":"2025-03-20T18:17:35","slug":"about-2","status":"publish","type":"page","link":"https:\/\/cooperbabycafe.org\/es\/about-2\/","title":{"rendered":"Sobre la lactancia materna"},"content":{"rendered":"<div data-elementor-type=\"wp-page\" data-elementor-id=\"2945\" class=\"elementor elementor-2945\" data-elementor-settings=\"{&quot;ha_cmc_init_switcher&quot;:&quot;no&quot;}\" data-elementor-post-type=\"page\">\n\t\t\t\t<div class=\"elementor-element elementor-element-d069532 e-flex e-con-boxed e-con e-parent\" data-id=\"d069532\" data-element_type=\"container\" data-e-type=\"container\" data-settings=\"{&quot;_ha_eqh_enable&quot;:false}\">\n\t\t\t\t\t<div class=\"e-con-inner\">\n\t\t\t\t<div class=\"elementor-element elementor-element-236119b elementor-widget-divider--separator-type-pattern elementor-widget-divider--no-spacing elementor-widget-divider--view-line exad-sticky-section-no exad-glass-effect-no elementor-widget elementor-widget-divider\" data-id=\"236119b\" data-element_type=\"widget\" data-e-type=\"widget\" data-widget_type=\"divider.default\">\n\t\t\t\t<div class=\"elementor-widget-container\">\n\t\t\t\t\t\t\t<div class=\"elementor-divider\" style=\"--divider-pattern-url: url(&quot;data:image\/svg+xml,%3Csvg xmlns=&#039;http:\/\/www.w3.org\/2000\/svg&#039; preserveAspectRatio=&#039;xMidYMid meet&#039; overflow=&#039;visible&#039; height=&#039;100%&#039; viewBox=&#039;0 0 126 26&#039; fill=&#039;black&#039; stroke=&#039;none&#039;%3E%3Cpath d=&#039;M3,10.2c2.6,0,2.6,2,2.6,3.2S4.4,16.5,3,16.5s-3-1.4-3-3.2S0.4,10.2,3,10.2z M18.8,10.2c1.7,0,3.2,1.4,3.2,3.2s-1.4,3.2-3.2,3.2c-1.7,0-3.2-1.4-3.2-3.2S17,10.2,18.8,10.2z M34.6,10.2c1.5,0,2.6,1.4,2.6,3.2s-0.5,3.2-1.9,3.2c-1.5,0-3.4-1.4-3.4-3.2S33.1,10.2,34.6,10.2z M50.5,10.2c1.7,0,3.2,1.4,3.2,3.2s-1.4,3.2-3.2,3.2c-1.7,0-3.3-0.9-3.3-2.6S48.7,10.2,50.5,10.2z M66.2,10.2c1.5,0,3.4,1.4,3.4,3.2s-1.9,3.2-3.4,3.2c-1.5,0-2.6-0.4-2.6-2.1S64.8,10.2,66.2,10.2z M82.2,10.2c1.7,0.8,2.6,1.4,2.6,3.2s-0.1,3.2-1.6,3.2c-1.5,0-3.7-1.4-3.7-3.2S80.5,9.4,82.2,10.2zM98.6,10.2c1.5,0,2.6,0.4,2.6,2.1s-1.2,4.2-2.6,4.2c-1.5,0-3.7-0.4-3.7-2.1S97.1,10.2,98.6,10.2z M113.4,10.2c1.2,0,2.2,0.9,2.2,3.2s-0.1,3.2-1.3,3.2s-3.1-1.4-3.1-3.2S112.2,10.2,113.4,10.2z&#039;\/%3E%3C\/svg%3E&quot;);\">\n\t\t\t<span class=\"elementor-divider-separator\">\n\t\t\t\t\t\t<\/span>\n\t\t<\/div>\n\t\t\t\t\t\t<\/div>\n\t\t\t\t<\/div>\n\t\t\t\t\t<\/div>\n\t\t\t\t<\/div>\n\t\t<div class=\"elementor-element elementor-element-c06abff e-flex e-con-boxed e-con e-parent\" data-id=\"c06abff\" data-element_type=\"container\" data-e-type=\"container\" data-settings=\"{&quot;_ha_eqh_enable&quot;:false}\">\n\t\t\t\t\t<div class=\"e-con-inner\">\n\t\t<div class=\"elementor-element elementor-element-8e1034d e-con-full e-flex e-con e-child\" data-id=\"8e1034d\" data-element_type=\"container\" data-e-type=\"container\" data-settings=\"{&quot;_ha_eqh_enable&quot;:false}\">\n\t\t\t\t<div class=\"elementor-element elementor-element-2bfa5bc exad-sticky-section-no exad-glass-effect-no elementor-widget elementor-widget-image\" data-id=\"2bfa5bc\" data-element_type=\"widget\" data-e-type=\"widget\" data-widget_type=\"image.default\">\n\t\t\t\t<div class=\"elementor-widget-container\">\n\t\t\t\t\t\t\t\t\t\t\t\t\t\t\t<img fetchpriority=\"high\" decoding=\"async\" width=\"1024\" height=\"700\" src=\"https:\/\/cooperbabycafe.org\/wp-content\/uploads\/2025\/03\/center.jpg\" class=\"attachment-full size-full wp-image-2904\" alt=\"\" srcset=\"https:\/\/cooperbabycafe.org\/wp-content\/uploads\/2025\/03\/center.jpg 1024w, https:\/\/cooperbabycafe.org\/wp-content\/uploads\/2025\/03\/center-300x205.jpg 300w, https:\/\/cooperbabycafe.org\/wp-content\/uploads\/2025\/03\/center-768x525.jpg 768w, https:\/\/cooperbabycafe.org\/wp-content\/uploads\/2025\/03\/center-18x12.jpg 18w, https:\/\/cooperbabycafe.org\/wp-content\/uploads\/2025\/03\/center-570x390.jpg 570w\" sizes=\"(max-width: 1024px) 100vw, 1024px\" \/>\t\t\t\t\t\t\t\t\t\t\t\t\t\t\t<\/div>\n\t\t\t\t<\/div>\n\t\t\t\t<\/div>\n\t\t<div class=\"elementor-element elementor-element-a846cc6 e-con-full e-flex e-con e-child\" data-id=\"a846cc6\" data-element_type=\"container\" data-e-type=\"container\" data-settings=\"{&quot;_ha_eqh_enable&quot;:false}\">\n\t\t\t\t<div class=\"elementor-element elementor-element-7cf3653 exad-sticky-section-no exad-glass-effect-no elementor-widget elementor-widget-heading\" data-id=\"7cf3653\" data-element_type=\"widget\" data-e-type=\"widget\" data-widget_type=\"heading.default\">\n\t\t\t\t<div class=\"elementor-widget-container\">\n\t\t\t\t\t<h2 class=\"elementor-heading-title elementor-size-default\">Lactancia<\/h2>\t\t\t\t<\/div>\n\t\t\t\t<\/div>\n\t\t\t\t<div class=\"elementor-element elementor-element-85aa120 exad-sticky-section-no exad-glass-effect-no elementor-widget elementor-widget-text-editor\" data-id=\"85aa120\" data-element_type=\"widget\" data-e-type=\"widget\" data-widget_type=\"text-editor.default\">\n\t\t\t\t<div class=\"elementor-widget-container\">\n\t\t\t\t\t\t\t\t\t<p>La lactancia materna es una de las formas m\u00e1s naturales y beneficiosas de alimentar a un reci\u00e9n nacido. Proporciona nutrientes esenciales, fortalece el sistema inmunol\u00f3gico y fomenta un profundo v\u00ednculo emocional entre la madre y el beb\u00e9. Las organizaciones de salud, incluida la Organizaci\u00f3n Mundial de la Salud (OMS) y la Academia Americana de Pediatr\u00eda (AAP), recomiendan la lactancia materna exclusiva durante los primeros seis meses de vida, seguida de la lactancia continua junto con alimentos s\u00f3lidos durante hasta dos a\u00f1os o m\u00e1s.<\/p>\t\t\t\t\t\t\t\t<\/div>\n\t\t\t\t<\/div>\n\t\t\t\t<\/div>\n\t\t\t\t\t<\/div>\n\t\t\t\t<\/div>\n\t\t<div class=\"elementor-element elementor-element-0443246 e-flex e-con-boxed e-con e-parent\" data-id=\"0443246\" data-element_type=\"container\" data-e-type=\"container\" data-settings=\"{&quot;_ha_eqh_enable&quot;:false}\">\n\t\t\t\t\t<div class=\"e-con-inner\">\n\t\t\t\t<div class=\"elementor-element elementor-element-3a1ea43 exad-sticky-section-no exad-glass-effect-no elementor-widget elementor-widget-text-editor\" data-id=\"3a1ea43\" data-element_type=\"widget\" data-e-type=\"widget\" data-widget_type=\"text-editor.default\">\n\t\t\t\t<div class=\"elementor-widget-container\">\n\t\t\t\t\t\t\t\t\t<h4>Apoyo para Madres Lactantes<\/h4><p>A pesar de sus numerosos beneficios, muchas madres enfrentan desaf\u00edos en su camino de lactancia, como la falta de apoyo, barreras en el lugar de trabajo y la desinformaci\u00f3n. Brindar educaci\u00f3n, recursos y una comunidad de apoyo es esencial para ayudar a las madres a tener \u00e9xito. Adem\u00e1s, promover la donaci\u00f3n de leche y apoyar a los bancos de leche puede asegurar que todos los beb\u00e9s, sin importar las circunstancias, tengan acceso a leche materna.<\/p><h4>Beneficios Nutricionales y para la Salud<\/h4><p>La leche materna contiene todos los nutrientes esenciales que un beb\u00e9 necesita para un adecuado crecimiento y desarrollo. Es rica en prote\u00ednas, grasas, vitaminas y anticuerpos que protegen a los infantes de infecciones y enfermedades. Los beb\u00e9s alimentados con leche materna tienen un menor riesgo de infecciones respiratorias, infecciones de o\u00eddo y problemas gastrointestinales. Adem\u00e1s, la lactancia materna reduce la probabilidad de desarrollar enfermedades cr\u00f3nicas como la obesidad, la diabetes y las alergias en etapas posteriores de la vida.<\/p><h4>Fortalecimiento de la Inmunidad y el Desarrollo Cognitivo<\/h4><p>Uno de los beneficios m\u00e1s significativos de la lactancia materna es la transferencia de anticuerpos de la madre al beb\u00e9, lo que fortalece el sistema inmunol\u00f3gico del infante y proporciona protecci\u00f3n contra virus y bacterias. Adem\u00e1s, las investigaciones vinculan la lactancia materna con un mayor desarrollo cognitivo, puntuaciones m\u00e1s altas de CI y un mejor rendimiento acad\u00e9mico en los a\u00f1os posteriores.<\/p><h4>Vinculaci\u00f3n Emocional y Beneficios Psicol\u00f3gicos<\/h4><p>La lactancia materna fomenta un fuerte v\u00ednculo emocional entre la madre y el beb\u00e9. El contacto piel a piel durante la alimentaci\u00f3n promueve sensaciones de seguridad y comodidad, reduciendo el estr\u00e9s y mejorando el bienestar emocional. Este v\u00ednculo es crucial para el desarrollo social y emocional del beb\u00e9.<\/p><h4>Beneficios para la Salud Materna<\/h4><p>La lactancia materna tambi\u00e9n beneficia a las madres. Ayuda a que el \u00fatero se contraiga, reduciendo el sangrado posparto y favoreciendo una recuperaci\u00f3n m\u00e1s r\u00e1pida despu\u00e9s del parto. Adem\u00e1s, las madres que amamantan tienen un menor riesgo de c\u00e1ncer de mama y ovario, osteoporosis y enfermedades cardiovasculares. La lactancia tambi\u00e9n puede apoyar la p\u00e9rdida de peso posparto al quemar calor\u00edas adicionales.<\/p><div id=\"simple-translate\" class=\"simple-translate-system-theme\"><div><div class=\"simple-translate-button isShow\" style=\"background-image: url('moz-extension:\/\/e2782e05-8b8e-4216-b271-61173fb2ead7\/icons\/512.png'); height: 22px; width: 22px; top: 77px; left: 101px;\">\u00a0<\/div><div class=\"simple-translate-panel\" style=\"width: 300px; height: 200px; top: 0px; left: 0px; font-size: 13px;\"><div class=\"simple-translate-result-wrapper\" style=\"overflow: hidden;\"><div class=\"simple-translate-move\" draggable=\"true\">\u00a0<\/div><div class=\"simple-translate-result-contents\"><p class=\"simple-translate-result\" dir=\"auto\">\u00a0<\/p><p class=\"simple-translate-candidate\" dir=\"auto\">\u00a0<\/p><\/div><\/div><\/div><\/div><\/div>\t\t\t\t\t\t\t\t<\/div>\n\t\t\t\t<\/div>\n\t\t\t\t\t<\/div>\n\t\t\t\t<\/div>\n\t\t\t\t<\/div>","protected":false},"excerpt":{"rendered":"<p>Breastfeeding Breastfeeding is one of the most natural and beneficial ways to nourish a newborn. It provides essential nutrients, strengthens the immune system, and fosters a deep emotional bond between mother and baby. Health organizations, including the World Health Organization (WHO) and the American Academy of Pediatrics (AAP), recommend exclusive breastfeeding for the first six [&hellip;]<\/p>","protected":false},"author":1,"featured_media":0,"parent":0,"menu_order":0,"comment_status":"closed","ping_status":"closed","template":"elementor_header_footer","meta":{"footnotes":""},"class_list":["post-2945","page","type-page","status-publish","hentry"],"_links":{"self":[{"href":"https:\/\/cooperbabycafe.org\/es\/wp-json\/wp\/v2\/pages\/2945","targetHints":{"allow":["GET"]}}],"collection":[{"href":"https:\/\/cooperbabycafe.org\/es\/wp-json\/wp\/v2\/pages"}],"about":[{"href":"https:\/\/cooperbabycafe.org\/es\/wp-json\/wp\/v2\/types\/page"}],"author":[{"embeddable":true,"href":"https:\/\/cooperbabycafe.org\/es\/wp-json\/wp\/v2\/users\/1"}],"replies":[{"embeddable":true,"href":"https:\/\/cooperbabycafe.org\/es\/wp-json\/wp\/v2\/comments?post=2945"}],"version-history":[{"count":7,"href":"https:\/\/cooperbabycafe.org\/es\/wp-json\/wp\/v2\/pages\/2945\/revisions"}],"predecessor-version":[{"id":3041,"href":"https:\/\/cooperbabycafe.org\/es\/wp-json\/wp\/v2\/pages\/2945\/revisions\/3041"}],"wp:attachment":[{"href":"https:\/\/cooperbabycafe.org\/es\/wp-json\/wp\/v2\/media?parent=2945"}],"curies":[{"name":"wp","href":"https:\/\/api.w.org\/{rel}","templated":true}]}}