{"id":145,"date":"2023-10-12T06:48:30","date_gmt":"2023-10-12T06:48:30","guid":{"rendered":"http:\/\/kidearn-demo-new.local\/?page_id=145"},"modified":"2025-03-24T15:21:33","modified_gmt":"2025-03-24T15:21:33","slug":"about","status":"publish","type":"page","link":"https:\/\/cooperbabycafe.org\/es\/about\/","title":{"rendered":"Servicios - Aprendizaje"},"content":{"rendered":"<div data-elementor-type=\"wp-page\" data-elementor-id=\"145\" class=\"elementor elementor-145\" data-elementor-settings=\"{&quot;ha_cmc_init_switcher&quot;:&quot;no&quot;}\" data-elementor-post-type=\"page\">\n\t\t\t\t<div class=\"elementor-element elementor-element-fe216f9 e-flex e-con-boxed e-con e-parent\" data-id=\"fe216f9\" data-element_type=\"container\" data-e-type=\"container\" data-settings=\"{&quot;_ha_eqh_enable&quot;:false}\">\n\t\t\t\t\t<div class=\"e-con-inner\">\n\t\t\t\t<div class=\"elementor-element elementor-element-dcb0e0b elementor-widget-divider--separator-type-pattern elementor-widget-divider--view-line exad-sticky-section-no exad-glass-effect-no elementor-widget elementor-widget-divider\" data-id=\"dcb0e0b\" data-element_type=\"widget\" data-e-type=\"widget\" data-widget_type=\"divider.default\">\n\t\t\t\t<div class=\"elementor-widget-container\">\n\t\t\t\t\t\t\t<div class=\"elementor-divider\" style=\"--divider-pattern-url: url(&quot;data:image\/svg+xml,%3Csvg xmlns=&#039;http:\/\/www.w3.org\/2000\/svg&#039; preserveAspectRatio=&#039;none&#039; overflow=&#039;visible&#039; height=&#039;100%&#039; viewBox=&#039;0 0 24 24&#039; fill=&#039;none&#039; stroke=&#039;black&#039; stroke-width=&#039;1.1&#039; stroke-linecap=&#039;square&#039; stroke-miterlimit=&#039;10&#039;%3E%3Cpath d=&#039;M0,21c3.3,0,8.3-0.9,15.7-7.1c6.6-5.4,4.4-9.3,2.4-10.3c-3.4-1.8-7.7,1.3-7.3,8.8C11.2,20,17.1,21,24,21&#039;\/%3E%3C\/svg%3E&quot;);\">\n\t\t\t<span class=\"elementor-divider-separator\">\n\t\t\t\t\t\t<\/span>\n\t\t<\/div>\n\t\t\t\t\t\t<\/div>\n\t\t\t\t<\/div>\n\t\t\t\t\t<\/div>\n\t\t\t\t<\/div>\n\t\t<div class=\"elementor-element elementor-element-b959e4e e-flex e-con-boxed e-con e-parent\" data-id=\"b959e4e\" data-element_type=\"container\" data-e-type=\"container\" data-settings=\"{&quot;_ha_eqh_enable&quot;:false}\">\n\t\t\t\t\t<div class=\"e-con-inner\">\n\t\t<div class=\"elementor-element elementor-element-a8c70a0 e-con-full e-flex e-con e-child\" data-id=\"a8c70a0\" data-element_type=\"container\" data-e-type=\"container\" data-settings=\"{&quot;_ha_eqh_enable&quot;:false}\">\n\t\t\t\t<div class=\"elementor-element elementor-element-0bcf52d exad-sticky-section-no exad-glass-effect-no elementor-widget elementor-widget-image\" data-id=\"0bcf52d\" data-element_type=\"widget\" data-e-type=\"widget\" data-widget_type=\"image.default\">\n\t\t\t\t<div class=\"elementor-widget-container\">\n\t\t\t\t\t\t\t\t\t\t\t\t\t\t\t<img fetchpriority=\"high\" decoding=\"async\" width=\"769\" height=\"714\" src=\"https:\/\/cooperbabycafe.org\/wp-content\/uploads\/2025\/03\/madre.jpg\" class=\"attachment-full size-full wp-image-2925\" alt=\"\" srcset=\"https:\/\/cooperbabycafe.org\/wp-content\/uploads\/2025\/03\/madre.jpg 769w, https:\/\/cooperbabycafe.org\/wp-content\/uploads\/2025\/03\/madre-300x279.jpg 300w, https:\/\/cooperbabycafe.org\/wp-content\/uploads\/2025\/03\/madre-13x12.jpg 13w, https:\/\/cooperbabycafe.org\/wp-content\/uploads\/2025\/03\/madre-570x529.jpg 570w\" sizes=\"(max-width: 769px) 100vw, 769px\" \/>\t\t\t\t\t\t\t\t\t\t\t\t\t\t\t<\/div>\n\t\t\t\t<\/div>\n\t\t\t\t<\/div>\n\t\t<div class=\"elementor-element elementor-element-9a34730 e-con-full e-flex e-con e-child\" data-id=\"9a34730\" data-element_type=\"container\" data-e-type=\"container\" data-settings=\"{&quot;_ha_eqh_enable&quot;:false}\">\n\t\t\t\t<div class=\"elementor-element elementor-element-2b49535 exad-sticky-section-no exad-glass-effect-no elementor-widget elementor-widget-text-editor\" data-id=\"2b49535\" data-element_type=\"widget\" data-e-type=\"widget\" data-widget_type=\"text-editor.default\">\n\t\t\t\t<div class=\"elementor-widget-container\">\n\t\t\t\t\t\t\t\t\t<p>El Cooper Camden Baby Caf\u00e9 (CCBC) es la primera red autorizada en el estado de Nueva Jersey, lanzada como un modelo \u00fanico para el aprendizaje- servicio en la escuela de medicina Cooper Medical School de la Universidad Rowan (CMSRU).<\/p><p>El aprendizaje-servicio en CMSRU es un requisito dentro del programa de pr\u00e1cticas ambulatorias para todos los estudiantes, y esta oportunidad les permitir\u00e1 a los estudiantes asistir con las operaciones del Caf\u00e9 mientras aprenden sobre medicina de la lactancia.<\/p><h4>Los objetivos del aprendizaje-servicio de CMSRU en el CCBC son proporcionar un espacio para que los estudiantes de medicina:<\/h4><ul><li>To support breastfeeding at a Camden-based Baby Caf\u00e9.<\/li><li>To assist with community-building activities by connecting mothers with other mothers in support groups offered at the Cooper Camden Baby Caf\u00e9.<\/li><li>To collect information that informs health care professionals about factors that facilitate or impede breastfeeding in the community.<\/li><\/ul><h4>Los objetivos de aprendizaje incluyen:<\/h4><ol><li>Becoming knowledgeable breastfeeding counselors.<\/li><li>Acquiring skills to conduct support groups and facilitate peer-to-peer community building.<\/li><li>Developing competencies in solving common breastfeeding concerns, suggesting effective techniques, and identifying issues that require referral for specialized care.<\/li><\/ol>\t\t\t\t\t\t\t\t<\/div>\n\t\t\t\t<\/div>\n\t\t\t\t<\/div>\n\t\t\t\t\t<\/div>\n\t\t\t\t<\/div>\n\t\t\t\t<section data-exad-particle-enable=\"false\" class=\"elementor-section elementor-top-section elementor-element elementor-element-1d65610c elementor-section-full_width elementor-section-height-default elementor-section-height-default exad-parallax-effect-no exad-background-color-change-no exad-glass-effect-no exad-sticky-section-no\" data-id=\"1d65610c\" data-element_type=\"section\" data-e-type=\"section\" data-settings=\"{&quot;_ha_eqh_enable&quot;:false}\">\n\t\t\t\t\t\t<div class=\"elementor-container elementor-column-gap-no\">\n\t\t\t\t\t<div class=\"elementor-column elementor-col-100 elementor-top-column elementor-element elementor-element-2c1065ab exad-glass-effect-no exad-sticky-section-no\" data-id=\"2c1065ab\" data-element_type=\"column\" data-e-type=\"column\">\n\t\t\t<div class=\"elementor-widget-wrap elementor-element-populated\">\n\t\t\t\t<div class=\"elementor-element elementor-element-c99bea9 e-con-full e-flex e-con e-parent\" data-id=\"c99bea9\" data-element_type=\"container\" data-e-type=\"container\" data-settings=\"{&quot;_ha_eqh_enable&quot;:false}\">\n\t\t\t\t<div class=\"elementor-element elementor-element-fbc5dcb elementor-widget-divider--separator-type-pattern elementor-widget-divider--view-line exad-sticky-section-no exad-glass-effect-no elementor-widget elementor-widget-divider\" data-id=\"fbc5dcb\" data-element_type=\"widget\" data-e-type=\"widget\" data-widget_type=\"divider.default\">\n\t\t\t\t<div class=\"elementor-widget-container\">\n\t\t\t\t\t\t\t<div class=\"elementor-divider\" style=\"--divider-pattern-url: url(&quot;data:image\/svg+xml,%3Csvg xmlns=&#039;http:\/\/www.w3.org\/2000\/svg&#039; preserveAspectRatio=&#039;none&#039; overflow=&#039;visible&#039; height=&#039;100%&#039; viewBox=&#039;0 0 24 24&#039; fill=&#039;none&#039; stroke=&#039;black&#039; stroke-width=&#039;1&#039; stroke-linecap=&#039;square&#039; stroke-miterlimit=&#039;10&#039;%3E%3Cpath d=&#039;M0,6c6,0,6,13,12,13S18,6,24,6&#039;\/%3E%3C\/svg%3E&quot;);\">\n\t\t\t<span class=\"elementor-divider-separator\">\n\t\t\t\t\t\t<\/span>\n\t\t<\/div>\n\t\t\t\t\t\t<\/div>\n\t\t\t\t<\/div>\n\t\t\t\t<div class=\"elementor-element elementor-element-dc013f6 exad-sticky-section-no exad-glass-effect-no elementor-widget elementor-widget-exad-exclusive-dual-heading\" data-id=\"dc013f6\" data-element_type=\"widget\" data-e-type=\"widget\" data-widget_type=\"exad-exclusive-dual-heading.default\">\n\t\t\t\t<div class=\"elementor-widget-container\">\n\t\t\t\t\t\r\n        <div class=\"exad-dual-heading\">\r\n            <div class=\"exad-dual-heading-wrapper\">\r\n            \r\n                <h2 class=\"exad-dual-heading-title\">\r\n                                    <span class=\"first-heading\">Conoce las <\/span>\r\n                    <span class=\"second-heading\">Student Leadership Team<\/span>\r\n                                    <\/h2>\r\n\r\n                  \r\n\r\n            <\/div>\r\n        <\/div>\r\n        \t\t\t\t<\/div>\n\t\t\t\t<\/div>\n\t\t\t\t<div class=\"elementor-element elementor-element-406bbe5 exad-sticky-section-no exad-glass-effect-no elementor-widget elementor-widget-exad-team-carousel\" data-id=\"406bbe5\" data-element_type=\"widget\" data-e-type=\"widget\" data-widget_type=\"exad-team-carousel.default\">\n\t\t\t\t<div class=\"elementor-widget-container\">\n\t\t\t\t\t            <div class=\"exad-team-carousel-wrapper exad-team-item exad-carousel-item\" data-slidestoshow=\"5\" data-slidestoshow-tablet=\"2\" data-slidestoshow-mobile=\"1\" data-slidestoscroll=\"1\" data-carousel-nav=\"arrows\" data-speed=\"1000\" data-direction=\"false\" data-autoplay=\"true\" data-autoplayspeed=\"5000\" data-pauseonhover=\"true\" data-loop=\"true\">\n                                    <div class=\"exad-team-carousel-inner elementor-repeater-item-24e96b6\">\n                        <div class=\"exad-team-member exad-position-top exad-team-carousel-center\">\n\n                            <div class=\"exad-team-member-thumb\">\n                                <img decoding=\"async\" width=\"1066\" height=\"1066\" src=\"https:\/\/cooperbabycafe.org\/wp-content\/uploads\/2025\/03\/alison_enhanced-copiad.jpg\" class=\"attachment-full size-full wp-image-2706\" alt=\"\" srcset=\"https:\/\/cooperbabycafe.org\/wp-content\/uploads\/2025\/03\/alison_enhanced-copiad.jpg 1066w, https:\/\/cooperbabycafe.org\/wp-content\/uploads\/2025\/03\/alison_enhanced-copiad-300x300.jpg 300w, https:\/\/cooperbabycafe.org\/wp-content\/uploads\/2025\/03\/alison_enhanced-copiad-1024x1024.jpg 1024w, https:\/\/cooperbabycafe.org\/wp-content\/uploads\/2025\/03\/alison_enhanced-copiad-150x150.jpg 150w, https:\/\/cooperbabycafe.org\/wp-content\/uploads\/2025\/03\/alison_enhanced-copiad-768x768.jpg 768w, https:\/\/cooperbabycafe.org\/wp-content\/uploads\/2025\/03\/alison_enhanced-copiad-12x12.jpg 12w, https:\/\/cooperbabycafe.org\/wp-content\/uploads\/2025\/03\/alison_enhanced-copiad-70x70.jpg 70w, https:\/\/cooperbabycafe.org\/wp-content\/uploads\/2025\/03\/alison_enhanced-copiad-270x270.jpg 270w, https:\/\/cooperbabycafe.org\/wp-content\/uploads\/2025\/03\/alison_enhanced-copiad-570x570.jpg 570w, https:\/\/cooperbabycafe.org\/wp-content\/uploads\/2025\/03\/alison_enhanced-copiad-100x100.jpg 100w, https:\/\/cooperbabycafe.org\/wp-content\/uploads\/2025\/03\/alison_enhanced-copiad-460x460.jpg 460w\" sizes=\"(max-width: 1066px) 100vw, 1066px\" \/>                            <\/div>\n\n                            <div class=\"exad-team-member-content\">\n                                                                    <h3 class=\"exad-team-member-name\">\n                                        Alison Blumstein                                    <\/h3>\n                                                                    <span class=\"exad-team-member-designation\">M3, Student Leader<\/span>\n                                \n                                                                    <ul class=\"list-inline exad-team-member-social\">\n                                        \n                                        \n                                        \n                                                                            <\/ul>\n                                                            <\/div>\n                        <\/div>\n                    <\/div>\n                                    <div class=\"exad-team-carousel-inner elementor-repeater-item-38e59dc\">\n                        <div class=\"exad-team-member exad-position-top exad-team-carousel-center\">\n\n                            <div class=\"exad-team-member-thumb\">\n                                <img decoding=\"async\" width=\"1436\" height=\"1544\" src=\"https:\/\/cooperbabycafe.org\/wp-content\/uploads\/2025\/03\/Holly_enhanced.jpg\" class=\"attachment-full size-full wp-image-2665\" alt=\"\" srcset=\"https:\/\/cooperbabycafe.org\/wp-content\/uploads\/2025\/03\/Holly_enhanced.jpg 1436w, https:\/\/cooperbabycafe.org\/wp-content\/uploads\/2025\/03\/Holly_enhanced-279x300.jpg 279w, https:\/\/cooperbabycafe.org\/wp-content\/uploads\/2025\/03\/Holly_enhanced-952x1024.jpg 952w, https:\/\/cooperbabycafe.org\/wp-content\/uploads\/2025\/03\/Holly_enhanced-768x826.jpg 768w, https:\/\/cooperbabycafe.org\/wp-content\/uploads\/2025\/03\/Holly_enhanced-1429x1536.jpg 1429w, https:\/\/cooperbabycafe.org\/wp-content\/uploads\/2025\/03\/Holly_enhanced-11x12.jpg 11w, https:\/\/cooperbabycafe.org\/wp-content\/uploads\/2025\/03\/Holly_enhanced-570x613.jpg 570w\" sizes=\"(max-width: 1436px) 100vw, 1436px\" \/>                            <\/div>\n\n                            <div class=\"exad-team-member-content\">\n                                                                    <h3 class=\"exad-team-member-name\">\n                                        Holly Seybol                                    <\/h3>\n                                                                    <span class=\"exad-team-member-designation\">M3, Student Leader<\/span>\n                                \n                                                                    <ul class=\"list-inline exad-team-member-social\">\n                                        \n                                        \n                                        \n                                                                            <\/ul>\n                                                            <\/div>\n                        <\/div>\n                    <\/div>\n                                    <div class=\"exad-team-carousel-inner elementor-repeater-item-7798a0a\">\n                        <div class=\"exad-team-member exad-position-top exad-team-carousel-center\">\n\n                            <div class=\"exad-team-member-thumb\">\n                                <img loading=\"lazy\" decoding=\"async\" width=\"2381\" height=\"2560\" src=\"https:\/\/cooperbabycafe.org\/wp-content\/uploads\/2025\/03\/Sydney-scaled.jpg\" class=\"attachment-full size-full wp-image-2670\" alt=\"\" srcset=\"https:\/\/cooperbabycafe.org\/wp-content\/uploads\/2025\/03\/Sydney-scaled.jpg 2381w, https:\/\/cooperbabycafe.org\/wp-content\/uploads\/2025\/03\/Sydney-279x300.jpg 279w, https:\/\/cooperbabycafe.org\/wp-content\/uploads\/2025\/03\/Sydney-952x1024.jpg 952w, https:\/\/cooperbabycafe.org\/wp-content\/uploads\/2025\/03\/Sydney-768x826.jpg 768w, https:\/\/cooperbabycafe.org\/wp-content\/uploads\/2025\/03\/Sydney-1429x1536.jpg 1429w, https:\/\/cooperbabycafe.org\/wp-content\/uploads\/2025\/03\/Sydney-1905x2048.jpg 1905w, https:\/\/cooperbabycafe.org\/wp-content\/uploads\/2025\/03\/Sydney-11x12.jpg 11w, https:\/\/cooperbabycafe.org\/wp-content\/uploads\/2025\/03\/Sydney-570x613.jpg 570w\" sizes=\"(max-width: 2381px) 100vw, 2381px\" \/>                            <\/div>\n\n                            <div class=\"exad-team-member-content\">\n                                                                    <h3 class=\"exad-team-member-name\">\n                                        Sydney Silverman                                    <\/h3>\n                                                                    <span class=\"exad-team-member-designation\">M1, Student Leader<\/span>\n                                \n                                                                    <ul class=\"list-inline exad-team-member-social\">\n                                        \n                                        \n                                        \n                                                                            <\/ul>\n                                                            <\/div>\n                        <\/div>\n                    <\/div>\n                                    <div class=\"exad-team-carousel-inner elementor-repeater-item-eb4cc86\">\n                        <div class=\"exad-team-member exad-position-top exad-team-carousel-center\">\n\n                            <div class=\"exad-team-member-thumb\">\n                                <img loading=\"lazy\" decoding=\"async\" width=\"2381\" height=\"2560\" src=\"https:\/\/cooperbabycafe.org\/wp-content\/uploads\/2025\/03\/Maddy-scaled.jpg\" class=\"attachment-full size-full wp-image-2672\" alt=\"\" srcset=\"https:\/\/cooperbabycafe.org\/wp-content\/uploads\/2025\/03\/Maddy-scaled.jpg 2381w, https:\/\/cooperbabycafe.org\/wp-content\/uploads\/2025\/03\/Maddy-279x300.jpg 279w, https:\/\/cooperbabycafe.org\/wp-content\/uploads\/2025\/03\/Maddy-952x1024.jpg 952w, https:\/\/cooperbabycafe.org\/wp-content\/uploads\/2025\/03\/Maddy-768x826.jpg 768w, https:\/\/cooperbabycafe.org\/wp-content\/uploads\/2025\/03\/Maddy-1429x1536.jpg 1429w, https:\/\/cooperbabycafe.org\/wp-content\/uploads\/2025\/03\/Maddy-1905x2048.jpg 1905w, https:\/\/cooperbabycafe.org\/wp-content\/uploads\/2025\/03\/Maddy-11x12.jpg 11w, https:\/\/cooperbabycafe.org\/wp-content\/uploads\/2025\/03\/Maddy-570x613.jpg 570w\" sizes=\"(max-width: 2381px) 100vw, 2381px\" \/>                            <\/div>\n\n                            <div class=\"exad-team-member-content\">\n                                                                    <h3 class=\"exad-team-member-name\">\n                                        Madeline Larkin                                    <\/h3>\n                                                                    <span class=\"exad-team-member-designation\">M1, Student Leader<\/span>\n                                \n                                                                    <ul class=\"list-inline exad-team-member-social\">\n                                        \n                                        \n                                        \n                                                                            <\/ul>\n                                                            <\/div>\n                        <\/div>\n                    <\/div>\n                                    <div class=\"exad-team-carousel-inner elementor-repeater-item-f164e69\">\n                        <div class=\"exad-team-member exad-position-top exad-team-carousel-center\">\n\n                            <div class=\"exad-team-member-thumb\">\n                                <img loading=\"lazy\" decoding=\"async\" width=\"2381\" height=\"2560\" src=\"https:\/\/cooperbabycafe.org\/wp-content\/uploads\/2025\/03\/Megan-scaled.jpg\" class=\"attachment-full size-full wp-image-2673\" alt=\"\" srcset=\"https:\/\/cooperbabycafe.org\/wp-content\/uploads\/2025\/03\/Megan-scaled.jpg 2381w, https:\/\/cooperbabycafe.org\/wp-content\/uploads\/2025\/03\/Megan-279x300.jpg 279w, https:\/\/cooperbabycafe.org\/wp-content\/uploads\/2025\/03\/Megan-952x1024.jpg 952w, https:\/\/cooperbabycafe.org\/wp-content\/uploads\/2025\/03\/Megan-768x826.jpg 768w, https:\/\/cooperbabycafe.org\/wp-content\/uploads\/2025\/03\/Megan-1429x1536.jpg 1429w, https:\/\/cooperbabycafe.org\/wp-content\/uploads\/2025\/03\/Megan-1905x2048.jpg 1905w, https:\/\/cooperbabycafe.org\/wp-content\/uploads\/2025\/03\/Megan-11x12.jpg 11w, https:\/\/cooperbabycafe.org\/wp-content\/uploads\/2025\/03\/Megan-570x613.jpg 570w\" sizes=\"(max-width: 2381px) 100vw, 2381px\" \/>                            <\/div>\n\n                            <div class=\"exad-team-member-content\">\n                                                                    <h3 class=\"exad-team-member-name\">\n                                        Megan Thorn                                    <\/h3>\n                                                                    <span class=\"exad-team-member-designation\">M1, Student Leader<\/span>\n                                \n                                                                    <ul class=\"list-inline exad-team-member-social\">\n                                        \n                                        \n                                        \n                                                                            <\/ul>\n                                                            <\/div>\n                        <\/div>\n                    <\/div>\n                            <\/div>\n        \t\t\t\t<\/div>\n\t\t\t\t<\/div>\n\t\t\t\t<\/div>\n\t\t\t\t\t<\/div>\n\t\t<\/div>\n\t\t\t\t\t<\/div>\n\t\t<\/section>\n\t\t<div class=\"elementor-element elementor-element-75a9a9a e-flex e-con-boxed e-con e-parent\" data-id=\"75a9a9a\" data-element_type=\"container\" data-e-type=\"container\" data-settings=\"{&quot;_ha_eqh_enable&quot;:false}\">\n\t\t\t\t\t<div class=\"e-con-inner\">\n\t\t\t\t<div class=\"elementor-element elementor-element-42909e2 elementor-widget-divider--view-line exad-sticky-section-no exad-glass-effect-no elementor-widget elementor-widget-divider\" data-id=\"42909e2\" data-element_type=\"widget\" data-e-type=\"widget\" data-widget_type=\"divider.default\">\n\t\t\t\t<div class=\"elementor-widget-container\">\n\t\t\t\t\t\t\t<div class=\"elementor-divider\">\n\t\t\t<span class=\"elementor-divider-separator\">\n\t\t\t\t\t\t<\/span>\n\t\t<\/div>\n\t\t\t\t\t\t<\/div>\n\t\t\t\t<\/div>\n\t\t\t\t<div class=\"elementor-element elementor-element-2b3daa1 exad-sticky-section-no exad-glass-effect-no elementor-widget elementor-widget-image\" data-id=\"2b3daa1\" data-element_type=\"widget\" data-e-type=\"widget\" data-widget_type=\"image.default\">\n\t\t\t\t<div class=\"elementor-widget-container\">\n\t\t\t\t\t\t\t\t\t\t\t\t\t\t\t<img loading=\"lazy\" decoding=\"async\" width=\"400\" height=\"71\" src=\"https:\/\/cooperbabycafe.org\/wp-content\/uploads\/2025\/03\/Cooper_Medical_School_of_Rowan_University_logo.svg.png\" class=\"attachment-full size-full wp-image-3373\" alt=\"\" srcset=\"https:\/\/cooperbabycafe.org\/wp-content\/uploads\/2025\/03\/Cooper_Medical_School_of_Rowan_University_logo.svg.png 400w, https:\/\/cooperbabycafe.org\/wp-content\/uploads\/2025\/03\/Cooper_Medical_School_of_Rowan_University_logo.svg-300x53.png 300w, https:\/\/cooperbabycafe.org\/wp-content\/uploads\/2025\/03\/Cooper_Medical_School_of_Rowan_University_logo.svg-18x3.png 18w\" sizes=\"(max-width: 400px) 100vw, 400px\" \/>\t\t\t\t\t\t\t\t\t\t\t\t\t\t\t<\/div>\n\t\t\t\t<\/div>\n\t\t\t\t<div class=\"elementor-element elementor-element-15da1d9 elementor-widget-divider--view-line exad-sticky-section-no exad-glass-effect-no elementor-widget elementor-widget-divider\" data-id=\"15da1d9\" data-element_type=\"widget\" data-e-type=\"widget\" data-widget_type=\"divider.default\">\n\t\t\t\t<div class=\"elementor-widget-container\">\n\t\t\t\t\t\t\t<div class=\"elementor-divider\">\n\t\t\t<span class=\"elementor-divider-separator\">\n\t\t\t\t\t\t<\/span>\n\t\t<\/div>\n\t\t\t\t\t\t<\/div>\n\t\t\t\t<\/div>\n\t\t\t\t\t<\/div>\n\t\t\t\t<\/div>\n\t\t\t\t<\/div>","protected":false},"excerpt":{"rendered":"<p>The Cooper Camden Baby Caf\u00e9 (CCBC) is the first licensed network in the state of New Jersey, launched as a unique model for medical school service-learning at Cooper Medical School of Rowan University (CMSRU). Service-learning at CMSRU is a requirement under the Ambulatory Clerkship for all students, and this opportunity will enable students to assist [&hellip;]<\/p>","protected":false},"author":1,"featured_media":0,"parent":0,"menu_order":0,"comment_status":"closed","ping_status":"closed","template":"elementor_header_footer","meta":{"footnotes":""},"class_list":["post-145","page","type-page","status-publish","hentry"],"_links":{"self":[{"href":"https:\/\/cooperbabycafe.org\/es\/wp-json\/wp\/v2\/pages\/145","targetHints":{"allow":["GET"]}}],"collection":[{"href":"https:\/\/cooperbabycafe.org\/es\/wp-json\/wp\/v2\/pages"}],"about":[{"href":"https:\/\/cooperbabycafe.org\/es\/wp-json\/wp\/v2\/types\/page"}],"author":[{"embeddable":true,"href":"https:\/\/cooperbabycafe.org\/es\/wp-json\/wp\/v2\/users\/1"}],"replies":[{"embeddable":true,"href":"https:\/\/cooperbabycafe.org\/es\/wp-json\/wp\/v2\/comments?post=145"}],"version-history":[{"count":35,"href":"https:\/\/cooperbabycafe.org\/es\/wp-json\/wp\/v2\/pages\/145\/revisions"}],"predecessor-version":[{"id":3376,"href":"https:\/\/cooperbabycafe.org\/es\/wp-json\/wp\/v2\/pages\/145\/revisions\/3376"}],"wp:attachment":[{"href":"https:\/\/cooperbabycafe.org\/es\/wp-json\/wp\/v2\/media?parent=145"}],"curies":[{"name":"wp","href":"https:\/\/api.w.org\/{rel}","templated":true}]}}